{"id":31193,"date":"2021-04-26T16:54:53","date_gmt":"2021-04-26T13:54:53","guid":{"rendered":"https:\/\/perfectvenue.es\/?post_type=product&#038;p=31193"},"modified":"2021-12-14T16:54:57","modified_gmt":"2021-12-14T13:54:57","slug":"te-mostramos-compatibilizar-pareja-e-hijos-posible-maravilloso","status":"publish","type":"product","link":"https:\/\/perfectvenue.es\/es\/product\/te-mostramos-compatibilizar-pareja-e-hijos-posible-maravilloso\/","title":{"rendered":"Te mostramos como compatibilizar pareja e hijos es posible\u2026 y maravilloso"},"content":{"rendered":"<p><\/p>\n<p style=\"text-align: justify;\">Desde The Perfect Plan, te mostramos c\u00f3mo poder experimentar una agradable actividad en pareja, tranquilos, a vuestro ritmo, sin tener que dejar a vuestros hijos, sin salir de casa y, lo mejor y m\u00e1s importante, donde ellos tambi\u00e9n puedan pasar un tiempo de juegos y diversi\u00f3n mientras vosotros os relaj\u00e1is.<\/p>\n<p style=\"text-align: justify;\">Nuestra propuesta comienza en un cambio de vuestro propio espacio basado en la decoraci\u00f3n de aquella zona de la casa donde m\u00e1s a gusto os encontr\u00e9is: sal\u00f3n, cocina, terraza, jard\u00edn\u2026 Le daremos un toque de frescura, rom\u00e1ntico, diferente, para que, a\u00fan estando en vuestro propio hogar, os parezca un lugar diferente y \u00fanico. Adornos, atrezzo floral, luces, esencias y todo aquello que consider\u00e9is necesario para hacer de vuestro momento una experiencia inolvidable. Nosotros nos encargamos de dejarlo todo listo y a vuestro gusto y, quiz\u00e1, que pod\u00e1is sorprender a vuestra pareja con una hermosa sorpresa en su d\u00eda especial, tras una dura jornada de trabajo o, simplemente, porque os apetece.<\/p>\n<p style=\"text-align: justify;\">Una vez adornado vuestro espacio, \u00bfQu\u00e9 os ofrecemos? Nuestro sumiller os brindar\u00e1 una delicada cata de los mejores vinos, con las explicaciones y recomendaciones pertinentes, para que pod\u00e1is deleitar los sabores y texturas de los diferentes caldos. Como no podr\u00eda ser de otra manera, vendr\u00e1 acompa\u00f1ado de un seleccionado catering con productos escogidos en perfecta sinton\u00eda con los vinos a degustar.<\/p>\n<p style=\"text-align: justify;\">En el momento m\u00e1s \u00e1lgido, la sorpresa final, un violinista inundar\u00e1 vuestros o\u00eddos con preciosas versiones y sinton\u00edas, siempre seg\u00fan vuestras preferencias musicales y gustos, para hacer de esta vivencia, un momento verdaderamente tierno y apasionado.<\/p>\n<p style=\"text-align: justify;\">Pero\u2026 \u00bfY los ni\u00f1os? No os preocup\u00e9is, porque lo tenemos todo preparado para ellos. Mientras disfrut\u00e1is de vuestra velada, llevaremos a cabo un encuentro perfecto para ellos con sus personajes y tem\u00e1tica favoritos de la mano de diferentes cabezudos que recrean a m\u00e1s de 200 personajes diferentes. Podr\u00e1n elegir entre personajes de cuentos, dibujos animados, etc. \u00a0que ir\u00e1n, personalmente, a amenizar su jornada con juegos, canciones y diferentes animaciones. Todo ello en un entorno decorado, dentro de vuestra propia casa o jard\u00edn, seg\u00fan la tem\u00e1tica seleccionada.<\/p>\n<p style=\"text-align: justify;\">No faltar\u00e1, por supuesto, una mesa con comida y bebida especialmente dise\u00f1ada para los m\u00e1s peque\u00f1os de la familia.<\/p>\n<p style=\"text-align: justify;\">Nuestro plan esta ideado al 100% para que, tanto mayores como peque\u00f1os, pod\u00e1is tener un d\u00eda fant\u00e1stico, sin moveros de casa y sin ning\u00fan tipo de preocupaci\u00f3n.<\/p>\n<p style=\"text-align: justify;\">Este plan tambi\u00e9n lo pod\u00e9is compartir con otras parejas o amigos, a vuestra elecci\u00f3n. S\u00f3lo comentadnos vuestra idea y nosotros nos encargamos del resto. \u00a1A disfrutar, familia!<\/p>\n<p><\/p>","protected":false},"excerpt":{"rendered":"<p><strong>THE PERFECT PLAN EN PAREJA\u2026 \u00a1CON NI\u00d1OS!<\/strong><\/p>\n<p style=\"text-align: justify;\">Nos pasamos horas so\u00f1ando con encontrar un huequecito para dejar a nuestros hijos y poder disfrutar, a solas, de nuestra pareja. Para encontrar un momento de intimidad, de calma, donde conversar, compartir, estar a gusto y felices, solos, los dos \u2026<\/p>\n","protected":false},"featured_media":31197,"comment_status":"open","ping_status":"closed","template":"","meta":[],"class_list":["post-31193","product","type-product","status-publish","has-post-thumbnail","hentry","product_cat-perfect-plan","product_tag-perfect-plan"],"_links":{"self":[{"href":"https:\/\/perfectvenue.es\/es\/wp-json\/wp\/v2\/product\/31193","targetHints":{"allow":["GET"]}}],"collection":[{"href":"https:\/\/perfectvenue.es\/es\/wp-json\/wp\/v2\/product"}],"about":[{"href":"https:\/\/perfectvenue.es\/es\/wp-json\/wp\/v2\/types\/product"}],"replies":[{"embeddable":true,"href":"https:\/\/perfectvenue.es\/es\/wp-json\/wp\/v2\/comments?post=31193"}],"wp:featuredmedia":[{"embeddable":true,"href":"https:\/\/perfectvenue.es\/es\/wp-json\/wp\/v2\/media\/31197"}],"wp:attachment":[{"href":"https:\/\/perfectvenue.es\/es\/wp-json\/wp\/v2\/media?parent=31193"}],"curies":[{"name":"wp","href":"https:\/\/api.w.org\/{rel}","templated":true}]}}