{"id":31182,"date":"2021-04-26T14:20:15","date_gmt":"2021-04-26T11:20:15","guid":{"rendered":"https:\/\/perfectvenue.es\/?post_type=product&#038;p=31182"},"modified":"2022-12-09T13:30:43","modified_gmt":"2022-12-09T10:30:43","slug":"protagonistas-modelos-dia","status":"publish","type":"product","link":"https:\/\/perfectvenue.es\/es\/product\/protagonistas-modelos-dia\/","title":{"rendered":"Protagonistas y modelos por un d\u00eda"},"content":{"rendered":"<p><\/p>\n<p style=\"text-align: justify;\">En esta ocasi\u00f3n, el plan es para vosotras. Un d\u00eda entre amigas para compartir y disfrutar que nunca olvidar\u00e9is.<\/p>\n<p style=\"text-align: justify;\">Plan a realizar tanto en Madrid como en Barcelona, cunas de la moda internacional y con las mejores sedes para realizar vuestra<strong> sesi\u00f3n de Personal Shopper<\/strong>.<\/p>\n<p style=\"text-align: justify;\">Ser\u00e9is recibidas por el mejor personal especializado en un lugar elegante, \u00edntimo y acogedor donde tendr\u00e9is a vuestra disposici\u00f3n una selecci\u00f3n personalizada de las prendas y complementos que mejor se adapten a vuestra fisionom\u00eda, estilo de vida y gustos. Os asesorar\u00e1n sobre las nuevas tendencias y los colores y modelos que mejor resalten vuestra est\u00e9tica y belleza natural.<\/p>\n<p style=\"text-align: justify;\">Podr\u00e9is probaros el vestuario que m\u00e1s os gusten y combinarlo con una amplia gama de zapatos, bolsos y otros complementos, perfectamente conjuntado, sinti\u00e9ndoos como las verdaderas protagonistas de una pel\u00edcula.<\/p>\n<p style=\"text-align: justify;\">Para acompa\u00f1ar la jornada, podr\u00e9is disfrutar de una exquisita botella de champan. Nada mejor que saborearla y brindar entre amigas mientras segu\u00eds seleccionando las combinaciones que m\u00e1s os gustan.<\/p>\n<p style=\"text-align: justify;\">Y como lo que verdaderamente os gustar\u00e1 ser\u00e1 veros con vuestros nuevos looks, ponemos a vuestra disposici\u00f3n un fot\u00f3grafo especializado para inmortalizar el momento. Podr\u00e9is jugar con los diferentes modelos y posar para la c\u00e1mara como aut\u00e9nticas profesionales de la pasarela. Quedar\u00e1n inmortalizados vuestros mejores y m\u00e1s originales outfits, sacando a relucir vuestra faceta m\u00e1s original como modelo o, simplemente, materializando vuestro sue\u00f1o de lucir tantos y tan variadas vestimentas en un d\u00eda\u2026 \u00a1Querr\u00e9is llev\u00e1roslo todo!<\/p>\n<p><\/p>","protected":false},"excerpt":{"rendered":"<p><strong>THE PERFECT PLAN CON AMIGAS. PERSONAL SHOPPER<\/strong><\/p>\n<p>\u00bfAlguna vez hab\u00e9is so\u00f1ado con sentiros como aut\u00e9nticas modelos de pasarela, con probaros las prendas y complementos m\u00e1s sofisticados y que mejor os sientan y con tener una atenci\u00f3n y cuidado personalizado?<\/p>\n","protected":false},"featured_media":31187,"comment_status":"open","ping_status":"closed","template":"","meta":[],"class_list":["post-31182","product","type-product","status-publish","has-post-thumbnail","hentry","product_cat-things-to-do","product_tag-personal-shopper","product_tag-personal-shopper-barcelona","product_tag-personal-shopper-madrid","product_tag-personal-shopping"],"_links":{"self":[{"href":"https:\/\/perfectvenue.es\/es\/wp-json\/wp\/v2\/product\/31182","targetHints":{"allow":["GET"]}}],"collection":[{"href":"https:\/\/perfectvenue.es\/es\/wp-json\/wp\/v2\/product"}],"about":[{"href":"https:\/\/perfectvenue.es\/es\/wp-json\/wp\/v2\/types\/product"}],"replies":[{"embeddable":true,"href":"https:\/\/perfectvenue.es\/es\/wp-json\/wp\/v2\/comments?post=31182"}],"wp:featuredmedia":[{"embeddable":true,"href":"https:\/\/perfectvenue.es\/es\/wp-json\/wp\/v2\/media\/31187"}],"wp:attachment":[{"href":"https:\/\/perfectvenue.es\/es\/wp-json\/wp\/v2\/media?parent=31182"}],"curies":[{"name":"wp","href":"https:\/\/api.w.org\/{rel}","templated":true}]}}