{"id":31173,"date":"2021-04-26T13:28:34","date_gmt":"2021-04-26T10:28:34","guid":{"rendered":"https:\/\/perfectvenue.es\/?post_type=product&#038;p=31173"},"modified":"2026-02-17T11:32:57","modified_gmt":"2026-02-17T08:32:57","slug":"un-si-quiero-de-corazon","status":"publish","type":"product","link":"https:\/\/perfectvenue.es\/es\/product\/un-si-quiero-de-corazon\/","title":{"rendered":"Un \u201cS\u00ed, quiero\u201d de coraz\u00f3n\u2026"},"content":{"rendered":"<p><\/p>\n<p style=\"text-align: justify;\">En este entorno inigualable, tenemos preparado el mejor plan para tu propuesta de matrimonio, la cual, sin duda, tendr\u00e1 una respuesta muy positiva.<\/p>\n<p style=\"text-align: justify;\">\u00bfQu\u00e9 tal comenzar con un agradable paseo por los delicados caminos del parque del Retiro, bajo los rayos del sol y la sombra de los \u00e1rboles, al son de los p\u00e1jaros y el murmullo del agua del lago?<\/p>\n<p style=\"text-align: justify;\">Sin prisa, disfrutando de cada momento, de cada sensaci\u00f3n, vuestro paseo os dirigir\u00e1 al Palacio de Cristal, frente a \u00e9l y acompa\u00f1ada por su hermoso lago, os espera, sugerente, una composici\u00f3n de p\u00e9talos de rosa y velas en forma de coraz\u00f3n, dentro de la cual poder realizar la esperada pregunta:\u201d \u00bfTe quieres casar conmigo?\u201d.<\/p>\n<p style=\"text-align: justify;\">Como un momento especial necesita un acompa\u00f1amiento muy especial, disfrutareis, en vivo y en directo, de las delicias musicales ofrecidas por unos elegantes violinistas, que llenar\u00e1n de glamur y romanticismo uno de los momentos m\u00e1s memorables y bonitos de vuestras vidas.<\/p>\n<p style=\"text-align: justify;\">Como colof\u00f3n, acorde a la situaci\u00f3n memorable que es, y dado que una imagen vale m\u00e1s que mil palabras, ese instante ser\u00e1 inmortalizado gracias a la c\u00e1mara de uno de nuestros fot\u00f3grafos profesionales, que dejar\u00e1 reflejados, para siempre, cada mirada, cada gesto, cada beso y cada abrazo de este instante irrepetible.<\/p>\n<p style=\"text-align: justify;\">Para que vuestro evento salga impecable y vosotros s\u00f3lo teng\u00e1is que dedicaros a disfrutar, contar\u00e9is en todo momento con una persona encargada de coordinar cada detalle en el momento preciso, para que todo salga, simplemente, perfecto.<\/p>\n<p style=\"text-align: justify;\">Dec\u00eddete a dar el paso y reserva tu Perfect Plan para tu pedida de mano.<\/p>\n<p>*Las tarifas no son reembolsables si el evento se cancela por cualquier motivo.<\/p>\n<p style=\"text-align: justify;\"><span style=\"font-weight: 400;\">\u00a1Te esperamos! Porque no hay nada m\u00e1s maravilloso que pasar el resto de tu vida con esa persona que tan especial te hace sentir.<\/span><\/p>\n<p>Tel\u00e9fono \/ Whats app: +34 722 29 15 43<\/p>","protected":false},"excerpt":{"rendered":"<p><strong>THE PERFECT PLAN PARA UNA PEDIDA DE MANO EN MADRID<\/strong><\/p>\n<p>Pocas ciudades hay tan rom\u00e1nticas como Madrid y pocos lugares con tanta magia como el precioso parque del Retiro, en pleno centro de la capital.<\/p>\n","protected":false},"featured_media":18584,"comment_status":"open","ping_status":"closed","template":"","meta":[],"class_list":["post-31173","product","type-product","status-publish","has-post-thumbnail","hentry","product_cat-marriage-proposal-packages","product_tag-pedida-de-mano-madrid","product_tag-pedida-de-mano-retiro","product_tag-perfect-plan"],"_links":{"self":[{"href":"https:\/\/perfectvenue.es\/es\/wp-json\/wp\/v2\/product\/31173","targetHints":{"allow":["GET"]}}],"collection":[{"href":"https:\/\/perfectvenue.es\/es\/wp-json\/wp\/v2\/product"}],"about":[{"href":"https:\/\/perfectvenue.es\/es\/wp-json\/wp\/v2\/types\/product"}],"replies":[{"embeddable":true,"href":"https:\/\/perfectvenue.es\/es\/wp-json\/wp\/v2\/comments?post=31173"}],"wp:featuredmedia":[{"embeddable":true,"href":"https:\/\/perfectvenue.es\/es\/wp-json\/wp\/v2\/media\/18584"}],"wp:attachment":[{"href":"https:\/\/perfectvenue.es\/es\/wp-json\/wp\/v2\/media?parent=31173"}],"curies":[{"name":"wp","href":"https:\/\/api.w.org\/{rel}","templated":true}]}}