{"id":31129,"date":"2021-04-26T13:12:36","date_gmt":"2021-04-26T10:12:36","guid":{"rendered":"https:\/\/perfectvenue.es\/?post_type=product&#038;p=31129"},"modified":"2021-04-26T13:18:02","modified_gmt":"2021-04-26T10:18:02","slug":"inmortalizando-emociones-en-un-entorno-medieval","status":"publish","type":"product","link":"https:\/\/perfectvenue.es\/es\/product\/inmortalizando-emociones-en-un-entorno-medieval\/","title":{"rendered":"Inmortalizando emociones en un entorno medieval"},"content":{"rendered":"<p><\/p>\n<p style=\"text-align: justify;\">La magia del medievo, del sentiros como en un cuento de hadas, de las emociones a flor de piel\u2026Todo ello tiene lugar en el majestuoso <a href=\"https:\/\/perfectvenue.es\/listings\/castell-peralada\/\">Castillo de Peralada<\/a>.<\/p>\n<p style=\"text-align: justify;\">Para comenzar, os adentrar\u00e9is en los muros de esta bella fortificaci\u00f3n del S XIV, donde ser\u00e9is conducidos a trav\u00e9s de una interesante visita hist\u00f3rica a lo largo y ancho de sus diferentes estancias: un precioso claustro g\u00f3tico, la biblioteca, la iglesia, el museo del vidrio y el museo del vino. Una ruta cultural llevada a cabo dentro de la elegante fachada de este castillo que, cubierta de enredadera y con sus imponentes torreones, os transportar\u00e1 a un tiempo pasado, a un ambiente \u00fanico en el que disfrutar en pareja.<\/p>\n<p style=\"text-align: justify;\">Y, como cada gran momento, este tambi\u00e9n necesita su banda sonora original, \u00bfQu\u00e9 tal disfrutar de una degustaci\u00f3n de los mejores vinos y productos de mercado, especialmente seleccionados seg\u00fan vuestros gustos, siendo acompa\u00f1ados de la m\u00fasica en vivo con la que m\u00e1s os identifiqu\u00e9is u os apetezca aderezar este momento \u00fanico? De la mano de <strong><u>&amp; Swing,<\/u> <\/strong>os ofrecemos poner melod\u00eda a estos instantes: flamenco, swing, jazz\u2026Versiones o composiciones propias que solicit\u00e9is de forma personalizada. Convierte este instante en un momento \u00fanico y memorable, dise\u00f1ado s\u00f3lo y exclusivamente para vosotros.<\/p>\n<p style=\"text-align: justify;\">Y como momento inigualable que es, \u00bfpor qu\u00e9 no inmortalizarlo con una maravillosa sesi\u00f3n de fotos? <a href=\"https:\/\/perfectvenue.es\/2019\/04\/16\/interview-with-photographer-jordi-cassu\/\">Jordi Cass\u00fa<\/a>, fot\u00f3grafo internacional de gran prestigio, jugar\u00e1 con las texturas y colores que os rodean en este id\u00edlico lugar para tomar las instant\u00e1neas perfectas que os hagan rememorar, siempre, este momento tan especial. Fotos tomadas en el interior del castillo, en sus jardines y lago, o en los cercanos vi\u00f1edos que, seguro, no os dejar\u00e1n indiferentes.<\/p>\n<p style=\"text-align: justify;\">Llegamos al final del d\u00eda, y a un merecido descanso, aloj\u00e1ndonos en el Hotel Peralada Wine Spa &amp; Golf, un hotel de cinco estrellas con todas las comodidades, servicios y el mejor trato para vuestra que vuestra noche rom\u00e1ntica sea perfecta.<\/p>\n<p style=\"text-align: justify;\">\u00bfY al despertar? A parte de encontraros en la mejor compa\u00f1\u00eda, contemplareis la inmensidad de los campos de golf. \u00bfOs apetece una ma\u00f1ana de deporte en los verdes y cuidados campos del hotel?, \u00bfO, tal vez, una sesi\u00f3n relax en su fant\u00e1stico spa? S\u00f3lo comentadnos qu\u00e9 os apetece para vuestro plan y nosotros nos encargamos de todo para que sea id\u00edlico e inmejorable. No os decepcionar\u00e1.<\/p>\n<p><\/p>","protected":false},"excerpt":{"rendered":"<p>THE PERFECT PLAN EN CATALU\u00d1A<\/p>\n<p>Plan id\u00edlico y completo donde los haya, en Catalu\u00f1a, en la preciosa villa de Peralada.<\/p>\n","protected":false},"featured_media":24622,"comment_status":"open","ping_status":"closed","template":"","meta":[],"class_list":["post-31129","product","type-product","status-publish","has-post-thumbnail","hentry","product_cat-perfect-plan","product_tag-cataluna-plan","product_tag-experiencias-personalizadas-cataluna"],"_links":{"self":[{"href":"https:\/\/perfectvenue.es\/es\/wp-json\/wp\/v2\/product\/31129","targetHints":{"allow":["GET"]}}],"collection":[{"href":"https:\/\/perfectvenue.es\/es\/wp-json\/wp\/v2\/product"}],"about":[{"href":"https:\/\/perfectvenue.es\/es\/wp-json\/wp\/v2\/types\/product"}],"replies":[{"embeddable":true,"href":"https:\/\/perfectvenue.es\/es\/wp-json\/wp\/v2\/comments?post=31129"}],"wp:featuredmedia":[{"embeddable":true,"href":"https:\/\/perfectvenue.es\/es\/wp-json\/wp\/v2\/media\/24622"}],"wp:attachment":[{"href":"https:\/\/perfectvenue.es\/es\/wp-json\/wp\/v2\/media?parent=31129"}],"curies":[{"name":"wp","href":"https:\/\/api.w.org\/{rel}","templated":true}]}}