{"id":31128,"date":"2021-04-22T15:53:59","date_gmt":"2021-04-22T12:53:59","guid":{"rendered":"https:\/\/perfectvenue.es\/?post_type=product&#038;p=31128"},"modified":"2026-02-17T11:37:20","modified_gmt":"2026-02-17T08:37:20","slug":"plan-rustico-mas-dulce-orillas-del-canal","status":"publish","type":"product","link":"https:\/\/perfectvenue.es\/es\/product\/plan-rustico-mas-dulce-orillas-del-canal\/","title":{"rendered":"El plan r\u00fastico m\u00e1s dulce a orillas del canal"},"content":{"rendered":"<p><\/p>\n<p style=\"text-align: justify;\">No podemos romper el hielo de mejor manera que dando un paseo en barca de remos en el Canal de Castilla, un paseo acompa\u00f1ado del reflejo de los chopos, robles y encinas sobre el agua calmada y sosegada, un momento para disfrutar en soledad de vuestra pareja, para compartir miradas, para dejaros llevar por el silencio del bosque, por el murmullo del agua o, tal vez, para compartir bellas palabras, esto, tambi\u00e9n, lo dejamos a vuestra elecci\u00f3n.<\/p>\n<p style=\"text-align: justify;\">Tras esta maravillosa experiencia, os recoger\u00e1n en el embarcadero de <a href=\"https:\/\/perfectvenue.es\/listings\/la-fabrica-del-canal\/\"><u>La F\u00e1brica del Canal<\/u><\/a>, antigua f\u00e1brica de harinas ubicada en un edificio hist\u00f3rico del siglo XIX perfectamente rehabilitado. En este espacio nos deleitar\u00e1n, en primera instancia, con un men\u00fa basado en productos frescos y ecol\u00f3gicos de la zona, \u00f3ptimamente elaborados y presentados que, acompa\u00f1ados de una copa de buen vino, har\u00e1n de vuestra experiencia gastron\u00f3mica un aut\u00e9ntico placer. Tras la comida, un merecido descanso en las hamacas de su jard\u00edn, a la vera del canal, acompa\u00f1ados de buena m\u00fasica y una sorpresa muy especial\u2026Sorprende a tu pareja con una composici\u00f3n personalizada de dulces, tartas o galletas, elaboradas y presentadas seg\u00fan vuestros gustos, pudiendo elegir los sabores, colores, tem\u00e1tica, dibujos, etc. Quiz\u00e1 es una buena forma de mandar un mensaje especial o recrear alg\u00fan momento o vivencia que sea importante para vosotros. En <a href=\"https:\/\/perfectvenue.es\/2018\/06\/13\/wedding-cake-trends-for-2019\/\"><u>La Dulce Tentaci\u00f3n de Ana<\/u><\/a> se encargar\u00e1n de hacer vuestro deseo realidad para que teng\u00e1is una jornada realmente dulce.<\/p>\n<p style=\"text-align: justify;\">Ponemos, ahora, un toque hist\u00f3rico-cultural a nuestro plan, os ofrecemos una visita guiada por el museo que alberga la f\u00e1brica, el cual data del S XIX y engloba, en estancias de ladrillo y vigas de madera perfectamente conservadas, la maquinaria original que se encargaba de moler el grano para producir la harina.<\/p>\n<p style=\"text-align: justify;\">Finalizaremos la jornada con un relajado picoteo y c\u00f3ctel en el Lobby Bar de este espacio gastron\u00f3mico para, posteriormente, disfrutar de las elegantes, confortables y exclusivas habitaciones del hotel boutique existente en el interior de la misma f\u00e1brica. Una noche inolvidable entre los \u00e1rboles y el susurro del canal que, obviamente, no os pod\u00e9is perder.<\/p>\n<p style=\"text-align: justify;\">Tras una noche apacible y renovadora, \u00bfQu\u00e9 tal un paseo en bicicleta y poder observar la belleza de las aves en las Lagunas de la Nava? Dejaos sorprender por la belleza Palentina y disfrutar de vuestro plan.<\/p>\n<p><\/p>","protected":false},"excerpt":{"rendered":"<p><strong>THE PERFECT PLAN EN PALENCIA<\/strong><\/p>\n<p>Os mostramos un plan lleno de historia, naturaleza, gastronom\u00eda y, por supuesto, romanticismo para sorprender a vuestra pareja o, simplemente, haceros una escapada para disfrutar de vuestra mutua compa\u00f1\u00eda.<\/p>\n","protected":false},"featured_media":21907,"comment_status":"open","ping_status":"closed","template":"","meta":[],"class_list":["post-31128","product","type-product","status-publish","has-post-thumbnail","hentry","product_cat-things-to-do","product_tag-experiencia-en-antigua-fabrica-de-harinas","product_tag-experiencias-personalizadas","product_tag-plan-rustico"],"_links":{"self":[{"href":"https:\/\/perfectvenue.es\/es\/wp-json\/wp\/v2\/product\/31128","targetHints":{"allow":["GET"]}}],"collection":[{"href":"https:\/\/perfectvenue.es\/es\/wp-json\/wp\/v2\/product"}],"about":[{"href":"https:\/\/perfectvenue.es\/es\/wp-json\/wp\/v2\/types\/product"}],"replies":[{"embeddable":true,"href":"https:\/\/perfectvenue.es\/es\/wp-json\/wp\/v2\/comments?post=31128"}],"wp:featuredmedia":[{"embeddable":true,"href":"https:\/\/perfectvenue.es\/es\/wp-json\/wp\/v2\/media\/21907"}],"wp:attachment":[{"href":"https:\/\/perfectvenue.es\/es\/wp-json\/wp\/v2\/media?parent=31128"}],"curies":[{"name":"wp","href":"https:\/\/api.w.org\/{rel}","templated":true}]}}