{"id":1878,"date":"2015-12-04T17:38:07","date_gmt":"2015-12-04T14:38:07","guid":{"rendered":"https:\/\/pixelgrade.com\/demos\/listable-stock\/product\/room-reservation-z-hotel-soho\/"},"modified":"2023-05-11T13:09:15","modified_gmt":"2023-05-11T10:09:15","slug":"disfrutando-de-la-autentica-tradicion-castellana","status":"publish","type":"product","link":"https:\/\/perfectvenue.es\/es\/product\/disfrutando-de-la-autentica-tradicion-castellana\/","title":{"rendered":"Disfrutando de la aut\u00e9ntica tradici\u00f3n castellana"},"content":{"rendered":"<p><\/p>\n<p style=\"text-align: justify;\">Comenzamos nuestro plan a trav\u00e9s de la estepa Castellana en la provincia de Toledo, concretamente, en <a href=\"https:\/\/perfectvenue.es\/listings\/olivar-de-santa-teresa\/\">Olivar de Santa Teresa<\/a>. En este id\u00edlico espacio, os espera un rom\u00e1ntico paseo en calesa de caballos por sus cuidados jardines, olivar y lago, rodeados de la m\u00e1s bella naturaleza. Finalizareis el recorrido en la preciosa casa t\u00edpica castellana, la cual aloja uno de los mejores espacios gastron\u00f3micos de la zona y donde podr\u00e9is disfrutar, entre sus patios y p\u00f3rticos, de un delicioso men\u00fa, perfectamente elaborado con productos de la zona, pura esencia manchega.<\/p>\n<p style=\"text-align: justify;\">Os sugerimos permitiros pasear entre los olivos e impregnaros de su esencia y los rayos del sol antes de continuar con nuestro plan, un momento id\u00edco para disfrutar de la compa\u00f1\u00eda de vuestra pareja o para deciros, en la intimidad, quello que hac\u00eda tanto deseabais compartir con el otro. El entorno, inmejorable.<\/p>\n<p style=\"text-align: justify;\">Desde Toledo nos dirijimos a Ciudad Real, a <a href=\"https:\/\/perfectvenue.es\/listings\/hacienda-albae\/\">Hacienda Albae<\/a>, bodegas ubicadas en un vi\u00f1edo tradicional familiar y con reconocimiento de la Denominaci\u00f3n de Origen Mancha. Una vez en ellas, \u00a0seremos acompa\u00f1ados a una ruta por sus instalaciones: espectaculares vi\u00f1edos y bodegas donde podremos degustar sus grandes caldos, con sello propio, y diferentes productos t\u00edpicos de la zona, a cual m\u00e1s exquisito.<\/p>\n<p style=\"text-align: justify;\">Una intensa jornada de sensaciones y emociones no podr\u00eda acabar de diferente manera que descansando en el rom\u00e1ntico y c\u00f3modo hotel de la misma hacienda. Habitaciones preparadas para que vuestra estancia tenga todos los componentes que podriais desear y en un entorno inigualable. \u00a1Dejaos cuidar y disfrutad!<\/p>\n<p style=\"text-align: justify;\">Como estamos seguros de que tendr\u00e9is un maravilloso y relajado despertar, y tras un delicioso desayuno en el patio de la hacienda, os sugerimos algunas actividades en la naturaleza que podr\u00e9is realizar en las cercan\u00edas de las bodegas y, de este modo, culminar de la mejor manera posible vuestro plan, \u00bfQu\u00e9 tal una ruta en 4&#215;4 por el campo? \u00bfO prefer\u00eds optar por una experiencia en kayak en las llamativas lagunas de Ruidera? \u00bfTal vez un agradable paseo por el parque natural de las Tablas de Daimiel?<\/p>\n<p style=\"text-align: justify;\">Comentadnos que es lo que m\u00e1s os apetece y nosotros nos encargamos de realizar vuestro plan personalizado con todo tipo de detalles y sin tener que preocuparos por nada. Lo que viene siendo, el plan perfecto.<\/p>\n<p><\/p>","protected":false},"excerpt":{"rendered":"<p><strong>THE PERFECT PLAN EN CASTILLA LA MANCHA<\/strong><\/p>\n","protected":false},"featured_media":24070,"comment_status":"open","ping_status":"closed","template":"","meta":[],"class_list":["post-1878","product","type-product","status-publish","has-post-thumbnail","hentry","product_cat-things-to-do","product_tag-experiencias-personalizadas","product_tag-experiencias-unicas","product_tag-planes-en-pareja","product_tag-regalos-personalizados","product_tag-regalos-romanticos"],"_links":{"self":[{"href":"https:\/\/perfectvenue.es\/es\/wp-json\/wp\/v2\/product\/1878","targetHints":{"allow":["GET"]}}],"collection":[{"href":"https:\/\/perfectvenue.es\/es\/wp-json\/wp\/v2\/product"}],"about":[{"href":"https:\/\/perfectvenue.es\/es\/wp-json\/wp\/v2\/types\/product"}],"replies":[{"embeddable":true,"href":"https:\/\/perfectvenue.es\/es\/wp-json\/wp\/v2\/comments?post=1878"}],"wp:featuredmedia":[{"embeddable":true,"href":"https:\/\/perfectvenue.es\/es\/wp-json\/wp\/v2\/media\/24070"}],"wp:attachment":[{"href":"https:\/\/perfectvenue.es\/es\/wp-json\/wp\/v2\/media?parent=1878"}],"curies":[{"name":"wp","href":"https:\/\/api.w.org\/{rel}","templated":true}]}}