{"id":21942,"date":"2019-05-28T17:27:52","date_gmt":"2019-05-28T14:27:52","guid":{"rendered":"https:\/\/perfectvenue.es\/?page_id=21942"},"modified":"2021-12-16T15:38:25","modified_gmt":"2021-12-16T12:38:25","slug":"ofertas-de-empleo","status":"publish","type":"page","link":"https:\/\/perfectvenue.es\/es\/ofertas-de-empleo\/","title":{"rendered":"Ofertas de empleo"},"content":{"rendered":"<p><\/p>\n<h2>T\u00e9cnico\/a Marketing y Comunicaci\u00f3n<\/h2>\n<p>Buscamos a una persona creativa, que le guste el mundo de las bodas y eventos.<\/p>\n<p><strong>Requisitos:<\/strong><\/p>\n<ul>\n<li style=\"text-align: justify;\">Experiencia de al menos 2 a\u00f1os en Marketing.<\/li>\n<li style=\"text-align: justify;\">Estudios superiores en Publicidad, Marketing, Comunicaci\u00f3n o similar.<\/li>\n<li style=\"text-align: justify;\">Experiencia en el dise\u00f1o, implantaci\u00f3n y seguimiento de campa\u00f1as corporativas de Marketing.<\/li>\n<li style=\"text-align: justify;\">Experiencia en proponer acciones para aumentar la visibilidad y posicionamiento de la marca.<\/li>\n<li style=\"text-align: justify;\">Experiencia en la organizaci\u00f3n y gesti\u00f3n de eventos.<\/li>\n<li style=\"text-align: justify;\">Experiencia en la gesti\u00f3n de la base de datos de clientes actuales y potenciales.<\/li>\n<li style=\"text-align: justify;\">Experiencia en la elaboraci\u00f3n de materiales espec\u00edficos del Departamento Comercial y para eventos y promociones.<\/li>\n<li style=\"text-align: justify;\">Control del presupuesto del Departamento de Marketing.<\/li>\n<li style=\"text-align: justify;\">Saber utilizar plataformas existentes y propias para construir y monitorear kpis en las diferentes versiones de ads (display, social, video, texto).<\/li>\n<li style=\"text-align: justify;\">Maximizar el ROI a trav\u00e9s de la constante optimizaci\u00f3n de las campa\u00f1as y el presupuesto.<\/li>\n<li style=\"text-align: justify;\">Programas de maquetaci\u00f3n de im\u00e1genes. E-mail marketing.<\/li>\n<li style=\"text-align: justify;\">Optimizacion de SEO, enfocando SEO online y t\u00e9cnico de gesti\u00f3n backlinks, an\u00e1lisis e implantaci\u00f3n de keywords, descripci\u00f3n y mejora en WEB.<\/li>\n<li style=\"text-align: justify;\">Conocimientos de lenguajes web: PHP. Experiencia de estrategias de optimizaci\u00f3n &#8216;On Site&#8217;. Revisi\u00f3n y monitorizaci\u00f3n de implementaciones &#8216;On Site&#8217;. Conocimientos para crear y optimizar contenido.<\/li>\n<li style=\"text-align: justify;\">Manejar las herramientas de anal\u00edtica web para transformar datos en informaci\u00f3n, monitorizar y hacer seguimiento de las campa\u00f1as actuales con Google analytics y otras herramientas.<\/li>\n<li>Castellano e ingl\u00e9s.<\/li>\n<\/ul>\n<p><!--more--><\/p>\n<p><strong>Horario:<\/strong><\/p>\n<p>L- J: 09:00 a 18:30, V: 09:00 a 15:00.<\/p>\n<p><strong>Remuneraci\u00f3n<\/strong>: el rango salarial depender\u00e1 de las capacidades de la persona.<\/p>\n<p>Tipo de puesto: jornada completa<\/p>\n<p>Si estas interesado, envianos tu CV al email: <a href=\"mailto:perfectvenueofertas@gmail.com\">perfectvenueofertas@gmail.com<\/a><\/p>\n<h2>Wedding planner<\/h2>\n<p><span style=\"color: inherit; font-family: inherit; font-size: inherit;\">Para nuestras oficinas en Las Rozas, Madrid, buscamos wedding planner &amp; organizadora de eventos. Sus funciones ser\u00e1 la venta de espacios para bodas y eventos; la gesti\u00f3n de solicitudes; el asesoramiento; y la gesti\u00f3n de banquetes.<\/span><\/p>\n<p>REQUISITOS:<br \/>\n\u2022 Conocimiento del sector<br \/>\n\u2022 Don de gentes<br \/>\n\u2022 Capacidad de organizaci\u00f3 y trabajo en equipo<\/p>\n<ul>\n<li>Castellano e ingl\u00e9s impresendible.<\/li>\n<li>Vehiculo propio<\/li>\n<\/ul>\n<p><!--more--><\/p>\n<p><strong>Horario:<\/strong><\/p>\n<p>L- J: 09:00 a 18:30, V: 09:00 a 15:00.<\/p>\n<p><strong>Remuneraci\u00f3n<\/strong>: el rango salarial depender\u00e1 de las capacidades de la persona.<\/p>\n<p>Tipo de puesto: jornada completa<\/p>\n<p>Si estas interesado, envianos tu CV al email: <a href=\"mailto:perfectvenueofertas@gmail.com\">perfectvenueofertas@gmail.com<\/a><\/p>\n<h2>Becaria para el puesto de wedding planner<\/h2>\n<p>Buscamos a una persona\u00a0que le gusta el trato con el cliente y quiere obtener experiencia en el mundo de las bodas y eventos.<\/p>\n<p><strong>Tareas:<\/strong><\/p>\n<ul>\n<li>Atenci\u00f3n al cliente: Ayudar a encontrar el espacio perfecto, preparar el presupuesto.<\/li>\n<li>Planificaci\u00f3n: reunirse con el cliente y absorber la m\u00e1xima informaci\u00f3n posible acerca de lo que desea \u00e9ste para el evento, aportar propuestas y presupuesto, supervisar todos los aspectos del evento<\/li>\n<li>Pre-evento: b\u00fasqueda y organizaci\u00f3n: tener listo cualquier detalle necesario para la ejecuci\u00f3n del evento: log\u00edstica, aspectos t\u00e9cnicos y todo lo relativo al montaje ( organizar catering, revisar el correcto funcionamiento de los equipos t\u00e9cnicos<\/li>\n<li>Evaluaci\u00f3n : realizar un informe acerca del resultado final del evento<\/li>\n<li>Ayuda con diferentes multitareas en la empresa.<\/li>\n<\/ul>\n<p><strong>Requesitos impresendibles:<\/strong><\/p>\n<ul>\n<li>CONVENIO DE PRACTICAS (OBLIGATORIO)<\/li>\n<li>Idiomas: espa\u00f1ol (C1-2), ingles (C1-2)<\/li>\n<li>Excel, Power Point<\/li>\n<\/ul>\n<p><strong>Requisitos deseables: <\/strong><\/p>\n<ul>\n<li>Esp\u00edritu emprendedor, curioso, Don de gente, Atento a los detalles, para que no haya ning\u00fan cabo suelto. Observador y atento, para entender el concepto del cliente.<\/li>\n<li>Sociable y con actitud positiva, para relacionarse con proveedores, empleados y otras personas relacionadas con el evento.<\/li>\n<li>Abierto de mente, polivalente, multitarea y con una mente muy organizada.<\/li>\n<li>Vehiculo propio<\/li>\n<\/ul>\n<p><!--more--><\/p>\n<p><strong>Horario:<\/strong><\/p>\n<p>Horario de Ma\u00f1anas o de Tardes<\/p>\n<p>Si estas interesado, envianos tu CV al email: <a href=\"mailto:perfectvenueofertas@gmail.com\">perfectvenueofertas@gmail.com<\/a><\/p>\n<h2>Comercial publicidad &#8211; Italia<\/h2>\n<p style=\"text-align: justify;\">Sei una persona solare e dinamica con eccellenti capacit\u00e0 relazionali e comunicative?<br \/>\nPensi di essere nato\/a per la vendita? Raggiungere gli obiettivi prefissati non ti basta mai, vuoi sempre superarti? Convincere le persone \u00e8 una dote naturale per te?<br \/>\nCerchi un ambiente giovane, multiculturale, motivante e in forte crescita?<br \/>\nFantastico! Stiamo cercando esattamente una persona motivata, appassionata e talentuosa come te!<\/p>\n<p>REQUISITI:<\/p>\n<p>-Madrelingua italiana.<br \/>\n-Esperienza minima: 2 anni nel settore delle vendite (new business, fidelizzazione e gestione dei clienti).<br \/>\n-Abilit\u00e0 commerciale e alta capacit\u00e0 di negoziazione.<br \/>\n-Persona estroversa, dinamica, empatica, perseverante e con brillante dialettica.<br \/>\n-Forte orientamento al risultato, determinazione e propensione al lavoro di squadra.<\/p>\n<p><!--more--><\/p>\n<p>FUNZIONI:<\/p>\n<p>&#8211; Gestione e ampliamento del portafoglio clienti.<br \/>\n&#8211; Vendita, trattativa e consulenza telefonica ai clienti del portale.<\/p>\n<p>IL NOSTRO TEAM<\/p>\n<p style=\"text-align: justify;\">Siamo una squadra giovane, creativa e assolutamente appassionata.<br \/>\nQuesta \u00e8 il segreto del nostro successo: lavoriamo molto, impariamo ogni giorno qualcosa e soprattutto amiamo il nostro lavoro.<br \/>\nIl nostro entusiasmo \u00e8 contagioso e si trasmette ai nostri sposi, alle aziende e a tutti i protagonisti che fanno parte con noi di questa incredibile avventura.<\/p>\n<p style=\"text-align: justify;\">COSA OFFRIAMO<\/p>\n<p style=\"text-align: justify;\">&#8211; Uffici a Las Rozas de Madrid, Madrid<br \/>\n&#8211; Formazione e crescita professionale.<\/p>\n<p style=\"text-align: justify;\">CHI SIAMO \u2013 Perfect Venue \u00e8 il primo motore di ricerca di locations per eventi per stranieri: https:\/\/perfectvenue.es. Scegliamo locations uniche ed esclusive in Italia. Il nostro obiettivo principale \u00e8 quello di effettuare una ricerca rapida ed efficace di locations di lusso per eventi come matrimoni, compleanni o feste aziendali.<\/p>\n<p>Se sei interessato, invia il tuo CV alla mail: <a href=\"perfectvenueofertas@gmail.com\">perfectvenueofertas@gmail.com<\/a><\/p>\n<h2>Publicit\u00e9 commerciale &#8211;\u00a0 Madrid<\/h2>\n<p style=\"text-align: justify;\">Nous cherchons \u00e0 \u00e9largir notre \u00e9quipe internationale, en incorporant une personne dans le d\u00e9partement Ventes France, pour la vente de publicit\u00e9 en ligne.<\/p>\n<p style=\"text-align: justify;\"><strong>Exigences minimales<\/strong><\/p>\n<p style=\"text-align: justify;\">&#8211; Fran\u00e7ais \u2013 langue maternelle<\/p>\n<p style=\"text-align: justify;\">&#8211; Formation \/ \u00e9tudes en commerce et marketing, vente ou similaire.<\/p>\n<p style=\"text-align: justify;\">&#8211; Minimum de deux ann\u00e9es d&#8217;exp\u00e9rience commerciale dans la prospection de clients et dans la r\u00e9alisation d&#8217;objectifs de vente.<\/p>\n<p style=\"text-align: justify;\">&#8211; Exp\u00e9rience de pr\u00e9f\u00e9rence dans les domaines de vente, de publicit\u00e9 en ligne, les agences de m\u00e9dias ou les secteurs connexes.<\/p>\n<p style=\"text-align: justify;\">&#8211; Une connaissance pr\u00e9cieuse, non essentielle, du secteur de la publicit\u00e9 sur Internet, des annuaires en ligne, des annonces class\u00e9es, des sites Web, du positionnement.<\/p>\n<p style=\"text-align: justify;\">&#8211; Passion pour la vente et les relations avec les clients, acuit\u00e9 commerciale et grande orientation vers les r\u00e9sultats.<\/p>\n<p style=\"text-align: justify;\">&#8211; Grande capacit\u00e9 de travail en \u00e9quipe, de proactivit\u00e9 et de volont\u00e9 de contribuer et contribuer au d\u00e9veloppement des activit\u00e9s de l&#8217;entreprise.<!--more-->MISSIONS :<\/p>\n<p style=\"text-align: justify;\">&#8211; Prospection, capture et fid\u00e9lisation de la client\u00e8le<br \/>\n&#8211; Conseil et vente t\u00e9l\u00e9phonique du portail pour les clients en France<br \/>\n&#8211; Traitement des commandes<br \/>\n&#8211; Suivi du client<\/p>\n<p style=\"text-align: justify;\">QU&#8217;OFFRE-T-ON ?<\/p>\n<p style=\"text-align: justify;\">&#8211; Journ\u00e9e compl\u00e8te du lundi au jeudi de 9h00 \u00e0 18h30 et le vendredi de 9h00 \u00e0 15h00 (apr\u00e8s-midi gratuites), avec une journ\u00e9e de t\u00e9l\u00e9travail par semaine, avec possibilit\u00e9 d&#8217;une 2\u00e8me journ\u00e9e en fonction de la r\u00e9alisation des objectifs. (Oui, nous parions sur l&#8217;\u00e9quilibre entre les loisirs et le travail !)<\/p>\n<p style=\"text-align: justify;\">&#8211; Salaire fixe, plus de commissions et de bonus avec lesquels nous hi\u00e9rarchisons vos r\u00e9sultats.<\/p>\n<p style=\"text-align: justify;\">&#8211; Compl\u00e9ter la formation initiale et continue en relation avec votre travail.<\/p>\n<p style=\"text-align: justify;\">&#8211; Possibilit\u00e9s de d\u00e9veloppement professionnel et de promotion interne.<\/p>\n<p>Si vous \u00eates int\u00e9ress\u00e9, envoyez votre CV \u00e0 l&#8217;email: <a href=\"mailto:perfectvenueofertas@gmail.com\">perfectvenueofertas@gmail.com<\/a><\/p>","protected":false},"excerpt":{"rendered":"<p>T\u00e9cnico\/a Marketing y Comunicaci\u00f3n Buscamos a una persona creativa, que le guste el mundo de las bodas y eventos. Requisitos: Experiencia de al menos 2 a\u00f1os en Marketing. Estudios superiores en Publicidad, Marketing, Comunicaci\u00f3n o similar. Experiencia en el dise\u00f1o, implantaci\u00f3n y seguimiento de campa\u00f1as corporativas de Marketing. Experiencia en proponer acciones para aumentar la [&hellip;]<\/p>\n","protected":false},"author":1,"featured_media":0,"parent":0,"menu_order":0,"comment_status":"closed","ping_status":"closed","template":"","meta":{"footnotes":""},"class_list":["post-21942","page","type-page","status-publish","hentry"],"_links":{"self":[{"href":"https:\/\/perfectvenue.es\/es\/wp-json\/wp\/v2\/pages\/21942","targetHints":{"allow":["GET"]}}],"collection":[{"href":"https:\/\/perfectvenue.es\/es\/wp-json\/wp\/v2\/pages"}],"about":[{"href":"https:\/\/perfectvenue.es\/es\/wp-json\/wp\/v2\/types\/page"}],"author":[{"embeddable":true,"href":"https:\/\/perfectvenue.es\/es\/wp-json\/wp\/v2\/users\/1"}],"replies":[{"embeddable":true,"href":"https:\/\/perfectvenue.es\/es\/wp-json\/wp\/v2\/comments?post=21942"}],"version-history":[{"count":1,"href":"https:\/\/perfectvenue.es\/es\/wp-json\/wp\/v2\/pages\/21942\/revisions"}],"predecessor-version":[{"id":32922,"href":"https:\/\/perfectvenue.es\/es\/wp-json\/wp\/v2\/pages\/21942\/revisions\/32922"}],"wp:attachment":[{"href":"https:\/\/perfectvenue.es\/es\/wp-json\/wp\/v2\/media?parent=21942"}],"curies":[{"name":"wp","href":"https:\/\/api.w.org\/{rel}","templated":true}]}}